{"id":138,"date":"2023-02-10T13:24:19","date_gmt":"2023-02-10T13:24:19","guid":{"rendered":"https:\/\/model3dbio.csic.es\/?page_id=138"},"modified":"2025-06-15T14:59:11","modified_gmt":"2025-06-15T14:59:11","slug":"contact-2","status":"publish","type":"page","link":"https:\/\/model3dbio.csic.es\/?page_id=138","title":{"rendered":"\ud83d\udc65 Research Team"},"content":{"rendered":"<h3>Scientific Direction<\/h3>\n<ul>\n<li><a href=\"https:\/\/model3dbio.csic.es\/?page_id=252\">J. Fern\u00e1ndez-Recio (PI)<\/a>\n<ul>\n<li>Professor\/Principal Investigator (CSIC). Recognized in 2024 as one of the world&#8217;s most influential scientists (\u201cTop 2%\u201d by Stanford).<\/li>\n<\/ul>\n<\/li>\n<\/ul>\n<h3>Postdoctoral Researchers<\/h3>\n<ul>\n<li><a href=\"https:\/\/model3dbio.csic.es\/?page_id=246\">L. A. Rodr\u00edguez-Lumbreras<\/a><\/li>\n<li><a href=\"mailto:alba.jimenez@icvv.es\">A. Jim\u00e9nez-Panizo<\/a><\/li>\n<\/ul>\n<h3>PhD Students<\/h3>\n<ul>\n<li><a href=\"https:\/\/model3dbio.csic.es\/?page_id=225\">J. Blecua-P\u00e9rez (4th year)<\/a><\/li>\n<li><a href=\"mailto:victor.monteagudo@icvv.es\">V. Monteagudo-Honrubia (1st year)<\/a><\/li>\n<\/ul>\n\n\n<p><\/p>\n","protected":false},"excerpt":{"rendered":"<p>Scientific Direction J. Fern\u00e1ndez-Recio (PI) Professor\/Principal Investigator (CSIC). Recognized in 2024 as one of the world&#8217;s most influential scientists (\u201cTop 2%\u201d by Stanford). Postdoctoral Researchers L. A. Rodr\u00edguez-Lumbreras A. Jim\u00e9nez-Panizo PhD Students J. Blecua-P\u00e9rez (4th year) V. Monteagudo-Honrubia (1st year)<\/p>\n","protected":false},"author":1,"featured_media":0,"parent":0,"menu_order":0,"comment_status":"closed","ping_status":"closed","template":"","meta":{"footnotes":""},"class_list":["post-138","page","type-page","status-publish","hentry"],"_links":{"self":[{"href":"https:\/\/model3dbio.csic.es\/index.php?rest_route=\/wp\/v2\/pages\/138","targetHints":{"allow":["GET"]}}],"collection":[{"href":"https:\/\/model3dbio.csic.es\/index.php?rest_route=\/wp\/v2\/pages"}],"about":[{"href":"https:\/\/model3dbio.csic.es\/index.php?rest_route=\/wp\/v2\/types\/page"}],"author":[{"embeddable":true,"href":"https:\/\/model3dbio.csic.es\/index.php?rest_route=\/wp\/v2\/users\/1"}],"replies":[{"embeddable":true,"href":"https:\/\/model3dbio.csic.es\/index.php?rest_route=%2Fwp%2Fv2%2Fcomments&post=138"}],"version-history":[{"count":12,"href":"https:\/\/model3dbio.csic.es\/index.php?rest_route=\/wp\/v2\/pages\/138\/revisions"}],"predecessor-version":[{"id":259,"href":"https:\/\/model3dbio.csic.es\/index.php?rest_route=\/wp\/v2\/pages\/138\/revisions\/259"}],"wp:attachment":[{"href":"https:\/\/model3dbio.csic.es\/index.php?rest_route=%2Fwp%2Fv2%2Fmedia&parent=138"}],"curies":[{"name":"wp","href":"https:\/\/api.w.org\/{rel}","templated":true}]}}